{"id":70,"date":"2020-03-01T12:01:33","date_gmt":"2020-03-01T11:01:33","guid":{"rendered":"https:\/\/kutnowscymotocyklisci.wordpress.com\/?page_id=70"},"modified":"2020-10-21T07:53:43","modified_gmt":"2020-10-21T07:53:43","slug":"press-pack","status":"publish","type":"page","link":"https:\/\/kutnowscymotocyklisci.pl\/index.php\/press-pack\/","title":{"rendered":"PRESS PACK"},"content":{"rendered":"\n<p>W przygotowanym przez nas Press Packu znajdziesz:<\/p>\n\n\n\n<ul><li>opisy aktualnie trwaj\u0105cych akcji, <\/li><li>logotypy, <\/li><li>informacje o naszym stowarzyszeniu. <\/li><\/ul>\n\n\n\n<p>Press Pack mo\u017cesz pobra\u0107 <a href=\"https:\/\/kutnowscymotocyklisci.pl\/press%20pack%20skm.rar\" target=\"_blank\" rel=\"noreferrer noopener\">>TUTAJ&lt;<\/a> ok. 180MB<\/p>\n","protected":false},"excerpt":{"rendered":"<p>W przygotowanym przez nas Press Packu znajdziesz: opisy aktualnie trwaj\u0105cych akcji, logotypy, informacje o naszym stowarzyszeniu. Press Pack mo\u017cesz pobra\u0107 &hellip; <a href=\"https:\/\/kutnowscymotocyklisci.pl\/index.php\/press-pack\/\" class=\"more-link\"><span class=\"more-button\">Continue Reading<span class=\"screen-reader-text\">PRESS PACK<\/span><\/span><\/a><\/p>\n","protected":false},"author":2,"featured_media":0,"parent":0,"menu_order":0,"comment_status":"closed","ping_status":"closed","template":"","meta":{"_vp_format_video_url":"","_vp_image_focal_point":[]},"_links":{"self":[{"href":"https:\/\/kutnowscymotocyklisci.pl\/index.php\/wp-json\/wp\/v2\/pages\/70"}],"collection":[{"href":"https:\/\/kutnowscymotocyklisci.pl\/index.php\/wp-json\/wp\/v2\/pages"}],"about":[{"href":"https:\/\/kutnowscymotocyklisci.pl\/index.php\/wp-json\/wp\/v2\/types\/page"}],"author":[{"embeddable":true,"href":"https:\/\/kutnowscymotocyklisci.pl\/index.php\/wp-json\/wp\/v2\/users\/2"}],"replies":[{"embeddable":true,"href":"https:\/\/kutnowscymotocyklisci.pl\/index.php\/wp-json\/wp\/v2\/comments?post=70"}],"version-history":[{"count":3,"href":"https:\/\/kutnowscymotocyklisci.pl\/index.php\/wp-json\/wp\/v2\/pages\/70\/revisions"}],"predecessor-version":[{"id":1962,"href":"https:\/\/kutnowscymotocyklisci.pl\/index.php\/wp-json\/wp\/v2\/pages\/70\/revisions\/1962"}],"wp:attachment":[{"href":"https:\/\/kutnowscymotocyklisci.pl\/index.php\/wp-json\/wp\/v2\/media?parent=70"}],"curies":[{"name":"wp","href":"https:\/\/api.w.org\/{rel}","templated":true}]}}