{"id":67,"date":"2020-03-01T12:01:33","date_gmt":"2020-03-01T11:01:33","guid":{"rendered":"https:\/\/kutnowscymotocyklisci.wordpress.com\/?page_id=67"},"modified":"2020-10-11T09:04:25","modified_gmt":"2020-10-11T09:04:25","slug":"terazniejszosc","status":"publish","type":"page","link":"https:\/\/kutnowscymotocyklisci.pl\/index.php\/terazniejszosc\/","title":{"rendered":"TERA\u0179NIEJSZO\u015a\u0106"},"content":{"rendered":"\n<div class=\"wp-block-image is-style-default\"><figure class=\"alignright size-large\"><img loading=\"lazy\" width=\"216\" height=\"216\" src=\"https:\/\/kutnowscymotocyklisci.pl\/wp-content\/uploads\/2020\/10\/logoteraz.png\" alt=\"\" class=\"wp-image-1193\" srcset=\"https:\/\/kutnowscymotocyklisci.pl\/wp-content\/uploads\/2020\/10\/logoteraz.png 216w, https:\/\/kutnowscymotocyklisci.pl\/wp-content\/uploads\/2020\/10\/logoteraz-150x150.png 150w, https:\/\/kutnowscymotocyklisci.pl\/wp-content\/uploads\/2020\/10\/logoteraz-50x50.png 50w\" sizes=\"(max-width: 216px) 100vw, 216px\" \/><\/figure><\/div>\n\n\n\n<p>Rozwijamy si\u0119! Mamy zaszczyt poinformowa\u0107, \u017ce po przerzuceniu ca\u0142ej sterty dokument\u00f3w uda\u0142o nam si\u0119 oficjalnie rozpocz\u0105\u0107 dzia\u0142alno\u015b\u0107 jako Stowarzyszenie Kutnowskich Motocyklist\u00f3w. A wszystko po to aby dzia\u0142a\u0107 i robi\u0107 jeszcze wi\u0119cej!<\/p>\n\n\n\n<p>Stowarzyszenie powsta\u0142o z my\u015bl\u0105 o mi\u0142o\u015bnikach motocykli z Kutna i jego okolic. Chcemy aby wszystkich motocyklist\u00f3w z Miasta R\u00f3\u017c po\u0142\u0105czy\u0142a nie tylko wsp\u00f3lna pasja, ale tak\u017ce wi\u0119zy przyja\u017ani. Pragniemy stworzy\u0107 miejsce kt\u00f3re da wszystkim mo\u017cliwo\u015b\u0107 poznania si\u0119, zaplanowania wsp\u00f3lnych wypad\u00f3w, uzyskania pomocy w trudnych sytuacjach i podczas niespodziewanych awarii albo zwyczajnego um\u00f3wienia si\u0119 na piwo w dobrym towarzystwie czy om\u00f3wienia technicznych zawi\u0142o\u015bci Waszej maszyny.<\/p>\n\n\n\n<p>Chcemy d\u0105\u017cy\u0107 do zorganizowania na terenie miasta bujnego i atrakcyjnego \u017cycia motocyklowego, poprzez organizacj\u0119 spotka\u0144, akcji charytatywnych, zbi\u00f3rek na wa\u017cne i szczytne cele, pomocy zar\u00f3wno sobie nawzajem jak i innym potrzebuj\u0105cym, a tak\u017ce imprez, zjazd\u00f3w, zlot\u00f3w, rozpocz\u0119\u0107 i zako\u0144cze\u0144 sezon\u00f3w. Chcemy tak\u017ce promowa\u0107 bezpieczne zachowania na drodze, aby w niezmienionym gronie spotyka\u0107 si\u0119 jak najd\u0142u\u017cej.<\/p>\n\n\n\n<p>Chcemy \u017ceby stworzone przez Nas miejsce sta\u0142o si\u0119 przyjazne wszystkim motocyklistom, niezale\u017cnie od ich maszyny, \u015bwiatopogl\u0105du, przynale\u017cno\u015bci klubowej czy stowarzyszeniowej. Ka\u017cdy jest r\u00f3wnie wa\u017cny i tak samo mile widziany. Je\u015bli szukasz zgranej motocyklowej ekipy, zapraszamy!<\/p>\n\n\n\n<p>Chcecie pom\u00f3c nam w rozwijaniu bujnego motocyklowego \u017cycia w Kutnie? Zapraszamy do wsp\u00f3\u0142pracy i wsp\u00f3lnej \u015bwietnej zabawy!<\/p>\n\n\n\n<p><a href=\"https:\/\/www.facebook.com\/kutnowscymotocyklisci\/\">Stowarzyszenie Kutnowskich Motocyklist\u00f3w<\/a><br><\/p>\n","protected":false},"excerpt":{"rendered":"<p>Rozwijamy si\u0119! Mamy zaszczyt poinformowa\u0107, \u017ce po przerzuceniu ca\u0142ej sterty dokument\u00f3w uda\u0142o nam si\u0119 oficjalnie rozpocz\u0105\u0107 dzia\u0142alno\u015b\u0107 jako Stowarzyszenie Kutnowskich &hellip; <a href=\"https:\/\/kutnowscymotocyklisci.pl\/index.php\/terazniejszosc\/\" class=\"more-link\"><span class=\"more-button\">Continue Reading<span class=\"screen-reader-text\">TERA\u0179NIEJSZO\u015a\u0106<\/span><\/span><\/a><\/p>\n","protected":false},"author":2,"featured_media":0,"parent":0,"menu_order":0,"comment_status":"closed","ping_status":"closed","template":"","meta":{"_vp_format_video_url":"","_vp_image_focal_point":[]},"_links":{"self":[{"href":"https:\/\/kutnowscymotocyklisci.pl\/index.php\/wp-json\/wp\/v2\/pages\/67"}],"collection":[{"href":"https:\/\/kutnowscymotocyklisci.pl\/index.php\/wp-json\/wp\/v2\/pages"}],"about":[{"href":"https:\/\/kutnowscymotocyklisci.pl\/index.php\/wp-json\/wp\/v2\/types\/page"}],"author":[{"embeddable":true,"href":"https:\/\/kutnowscymotocyklisci.pl\/index.php\/wp-json\/wp\/v2\/users\/2"}],"replies":[{"embeddable":true,"href":"https:\/\/kutnowscymotocyklisci.pl\/index.php\/wp-json\/wp\/v2\/comments?post=67"}],"version-history":[{"count":2,"href":"https:\/\/kutnowscymotocyklisci.pl\/index.php\/wp-json\/wp\/v2\/pages\/67\/revisions"}],"predecessor-version":[{"id":1199,"href":"https:\/\/kutnowscymotocyklisci.pl\/index.php\/wp-json\/wp\/v2\/pages\/67\/revisions\/1199"}],"wp:attachment":[{"href":"https:\/\/kutnowscymotocyklisci.pl\/index.php\/wp-json\/wp\/v2\/media?parent=67"}],"curies":[{"name":"wp","href":"https:\/\/api.w.org\/{rel}","templated":true}]}}