{"id":1952,"date":"2020-10-21T07:31:23","date_gmt":"2020-10-21T07:31:23","guid":{"rendered":"https:\/\/kutnowscymotocyklisci.pl\/?page_id=1952"},"modified":"2020-10-21T07:31:54","modified_gmt":"2020-10-21T07:31:54","slug":"skolowani","status":"publish","type":"page","link":"https:\/\/kutnowscymotocyklisci.pl\/index.php\/skolowani\/","title":{"rendered":"SKO\u0141OWANI"},"content":{"rendered":"\n<p>        Sko\u0142owani to coroczna akcja organizowana przez Stowarzyszanie Kutnowskich Motocyklist\u00f3w<br>wraz z lokaln\u0105 motocyklow\u0105 i samochodow\u0105 spo\u0142eczno\u015bci\u0105, kt\u00f3rej celem jest promowanie<br>bezpiecznych zachowa\u0144 w ruchu drogowym oraz pomoc osobom, kt\u00f3re uleg\u0142y wypadkom<br>komunikacyjnym. W swojej akcji skupiamy si\u0119 przede wszystkim na niechronionych uczestnikach<br>ruchu drogowego oraz relacjach pomi\u0119dzy u\u017cytkownikami dr\u00f3g.<br><br>        Staramy si\u0119, aby nasza akcja przybiera\u0142a na sile i na sta\u0142e wpisa\u0142a si\u0119 w kalendarz wydarze\u0144<br>Miasta R\u00f3\u017c. Naszym nadrz\u0119dnym celem jest propagowanie wiedzy i umo\u017cliwienie szlifowania<br>umiej\u0119tno\u015bci kierowc\u00f3w i motocyklist\u00f3w. Chcemy w ten spos\u00f3b maksymalnie ograniczy\u0107<br>niebezpieczne zachowania na drodze, a z czasem zminimalizowa\u0107 ilo\u015b\u0107 wypadk\u00f3w w regionie, kt\u00f3rych ilo\u015b\u0107 w ostatnim czasie drastycznie wzros\u0142a.<\/p>\n\n\n\n<div class=\"wp-block-image\"><figure class=\"alignright size-large is-resized\"><img loading=\"lazy\" src=\"https:\/\/kutnowscymotocyklisci.pl\/wp-content\/uploads\/2020\/10\/skolowani.png\" alt=\"\" class=\"wp-image-1953\" width=\"384\" height=\"382\" srcset=\"https:\/\/kutnowscymotocyklisci.pl\/wp-content\/uploads\/2020\/10\/skolowani.png 500w, https:\/\/kutnowscymotocyklisci.pl\/wp-content\/uploads\/2020\/10\/skolowani-150x150.png 150w, https:\/\/kutnowscymotocyklisci.pl\/wp-content\/uploads\/2020\/10\/skolowani-50x50.png 50w\" sizes=\"(max-width: 384px) 100vw, 384px\" \/><\/figure><\/div>\n\n\n\n<p><br>        Mieszka\u0144cy Kutna mog\u0105 spodziewa\u0107 si\u0119 szeroko zakrojonej kampanii informacyjnej oraz masy gad\u017cet\u00f3w przybli\u017caj\u0105cych im tematyk\u0119 bezpiecze\u0144stwa na drogach publicznych oraz t\u0142umacz\u0105cych zawi\u0142o\u015bci zar\u00f3wno prawa jakie na nich obowi\u0105zuje, jak i post\u0119powania w razie niebezpiecze\u0144stwa, czy wypadku. Jest to tak\u017ce doskona\u0142a okazja aby ch\u0119tni przeszkolili si\u0119 z zakresu Pierwszej Pomocy, co drastycznie zwi\u0119ksza szanse os\u00f3b poszkodowanych w wypadkach, dzi\u0119ki zwi\u0119kszani wiedzy i<br>umiej\u0119tno\u015bci tych, kt\u00f3rzy s\u0105 pierwsi na miejscu \u2013 zwyk\u0142ych uczestnik\u00f3w ruchu drogowego.<br><\/p>\n\n\n\n<p>Od pierwszej edycji, kt\u00f3ra mia\u0142a miejsce w 2017 roku zebrali\u015bmy \u015brodki, kt\u00f3rych \u0142\u0105czna<br>warto\u015b\u0107 przekracza ju\u017c 150.000 z\u0142! Je\u015bli chcecie by\u0107 na bie\u017c\u0105co ze szczeg\u00f3\u0142ami naszych akcji<br>odwied\u017acie nasz\u0105 stron\u0119 na facebooku! Mamy tak\u017ce cich\u0105 nadziej\u0119, ze nasze akcje przynios\u0105 wymierny efekt w postaci zakupu motocyklowego ambulansu, kt\u00f3ry w przysz\u0142o\u015bci b\u0119dzie m\u00f3g\u0142 nie\u015b\u0107 pomoc poszkodowanym w naszym regionie.<br><\/p>\n\n\n\n<p>Dzia\u0142amy! Obiecujemy, \u017ce po zako\u0144czeniu naszej akcji ju\u017c nie b\u0119dziecie czu\u0107 si\u0119 na drogach<br>sko\u0142owani!<\/p>\n","protected":false},"excerpt":{"rendered":"<p>Sko\u0142owani to coroczna akcja organizowana przez Stowarzyszanie Kutnowskich Motocyklist\u00f3wwraz z lokaln\u0105 motocyklow\u0105 i samochodow\u0105 spo\u0142eczno\u015bci\u0105, kt\u00f3rej celem jest promowaniebezpiecznych zachowa\u0144 &hellip; <a href=\"https:\/\/kutnowscymotocyklisci.pl\/index.php\/skolowani\/\" class=\"more-link\"><span class=\"more-button\">Continue Reading<span class=\"screen-reader-text\">SKO\u0141OWANI<\/span><\/span><\/a><\/p>\n","protected":false},"author":2,"featured_media":0,"parent":0,"menu_order":0,"comment_status":"closed","ping_status":"closed","template":"","meta":{"_vp_format_video_url":"","_vp_image_focal_point":[]},"_links":{"self":[{"href":"https:\/\/kutnowscymotocyklisci.pl\/index.php\/wp-json\/wp\/v2\/pages\/1952"}],"collection":[{"href":"https:\/\/kutnowscymotocyklisci.pl\/index.php\/wp-json\/wp\/v2\/pages"}],"about":[{"href":"https:\/\/kutnowscymotocyklisci.pl\/index.php\/wp-json\/wp\/v2\/types\/page"}],"author":[{"embeddable":true,"href":"https:\/\/kutnowscymotocyklisci.pl\/index.php\/wp-json\/wp\/v2\/users\/2"}],"replies":[{"embeddable":true,"href":"https:\/\/kutnowscymotocyklisci.pl\/index.php\/wp-json\/wp\/v2\/comments?post=1952"}],"version-history":[{"count":2,"href":"https:\/\/kutnowscymotocyklisci.pl\/index.php\/wp-json\/wp\/v2\/pages\/1952\/revisions"}],"predecessor-version":[{"id":1955,"href":"https:\/\/kutnowscymotocyklisci.pl\/index.php\/wp-json\/wp\/v2\/pages\/1952\/revisions\/1955"}],"wp:attachment":[{"href":"https:\/\/kutnowscymotocyklisci.pl\/index.php\/wp-json\/wp\/v2\/media?parent=1952"}],"curies":[{"name":"wp","href":"https:\/\/api.w.org\/{rel}","templated":true}]}}