{"id":1946,"date":"2020-10-21T07:12:09","date_gmt":"2020-10-21T07:12:09","guid":{"rendered":"https:\/\/kutnowscymotocyklisci.pl\/?page_id=1946"},"modified":"2025-11-19T12:35:06","modified_gmt":"2025-11-19T12:35:06","slug":"moto-mikolaje","status":"publish","type":"page","link":"https:\/\/kutnowscymotocyklisci.pl\/index.php\/moto-mikolaje\/","title":{"rendered":"MOTO MIKO\u0141AJE"},"content":{"rendered":"\n<p>       Moto Miko\u0142aje to coroczna charytatywna akcja organizowana przez Stowarzyszanie<br>Kutnowskich Motocyklist\u00f3w wraz z lokaln\u0105 motocyklow\u0105 i samochodow\u0105 spo\u0142eczno\u015bci\u0105, kt\u00f3rej celem<br>jest pomoc osobom potrzebuj\u0105cym, zw\u0142aszcza najm\u0142odszym. Staramy si\u0119 aby przed\u015bwi\u0105teczne<br>wsparcie dociera\u0142o do os\u00f3b b\u0119d\u0105cych w trudnej sytuacji \u017cyciowej, ale tak\u017ce poszkodowanych w<br>wypadkach, zw\u0142aszcza komunikacyjnych.<br><\/p>\n\n\n\n<div class=\"wp-block-image\"><figure class=\"alignright size-large is-resized\"><img loading=\"lazy\" src=\"https:\/\/kutnowscymotocyklisci.pl\/wp-content\/uploads\/2020\/10\/mm.png\" alt=\"\" class=\"wp-image-1948\" width=\"370\" height=\"320\" srcset=\"https:\/\/kutnowscymotocyklisci.pl\/wp-content\/uploads\/2020\/10\/mm.png 593w, https:\/\/kutnowscymotocyklisci.pl\/wp-content\/uploads\/2020\/10\/mm-300x260.png 300w, https:\/\/kutnowscymotocyklisci.pl\/wp-content\/uploads\/2020\/10\/mm-500x433.png 500w\" sizes=\"(max-width: 370px) 100vw, 370px\" \/><\/figure><\/div>\n\n\n\n<p><br>        Z roku na rok akcja przybiera na sile i na sta\u0142e wpisuje si\u0119 w przed\u015bwi\u0105teczny kalendarz Miasta R\u00f3\u017c. Mieszka\u0144cy Kutna zmotoryzowanych miko\u0142aj\u00f3w mog\u0105 spodziewa\u0107 si\u0119 w ka\u017cd\u0105 sobot\u0119 i niedziel\u0119 przypadaj\u0105c\u0105 najbli\u017cej 6 grudnia, czyli tradycyjnych Miko\u0142ajek. To w\u0142a\u015bnie wtedy przebrani w czerwone stroje motocykli\u015bci ruszaj\u0105 na ulice miasta na doroczn\u0105 zbi\u00f3rk\u0119 \u015brodk\u00f3w, kt\u00f3re trafi\u0105 do r\u0105k potrzebuj\u0105cych i najm\u0142odszych.<\/p>\n\n\n\n<p><br>       Moto Miko\u0142aje to tak\u017ce coroczna edycja charytatywnego kalendarza, przy przygotowaniu<br>kt\u00f3rego wsp\u00f3\u0142pracujemy z najlepszymi fotografami z naszego miasta. Motocyklowe kadry zawsze<br>staramy robi\u0107 si\u0119 w najbli\u017cszej okolicy, poniewa\u017c jeste\u015bmy z Kutna i z dum\u0105 prezentujemy nasze<br>maszyny w\u0142a\u015bnie w naszym Mie\u015bcie. Nie zapominamy tak\u017ce o nieod\u0142\u0105cznym elemencie ka\u017cdego<br>Miko\u0142aja \u2013 prezentach! Ju\u017c od pierwszej edycji dzi\u0119ki wsparci mieszka\u0144c\u00f3w zbieramy maskotki i<br>zabawki, z kt\u00f3rych przygotowujemy miko\u0142ajkowe i \u015bwi\u0105teczne prezenty dla najm\u0142odszych<br>mieszka\u0144c\u00f3w Kutna, kt\u00f3rzy nie mog\u0105 liczy\u0107 na rado\u015b\u0107 z bycia obdarowanym z r\u00f3\u017cnych powod\u00f3w. Ich<br>u\u015bmiech to dla nas najcenniejszy dar, kt\u00f3ry co roku dodaje si\u0142 do innych akcji!<br>Od pierwszej edycji, kt\u00f3ra mia\u0142a miejsce w 2017 roku zebrali\u015bmy \u015brodki, kt\u00f3rych \u0142\u0105czna<br>warto\u015b\u0107 przekracza ju\u017c 150.000 z\u0142! Je\u015bli chcecie by\u0107 na bie\u017c\u0105co ze szczeg\u00f3\u0142ami naszych akcji<br>odwied\u017acie nasz\u0105 stron\u0119 na facebooku!<\/p>\n\n\n\n<p class=\"has-text-align-left\"><br>Jedno jest pewne! Kutno jest #zatankowanedobrem a jego mieszka\u0144cy maj\u0105 #sercenawysokichobrotach.          I pod tymi has\u0142ami zapraszamy Wszystkich Was do udzia\u0142u w kolejnych edycjach naszej flagowej akcji! <br><br>Ho Ho Ho!<\/p>\n","protected":false},"excerpt":{"rendered":"<p>Moto Miko\u0142aje to coroczna charytatywna akcja organizowana przez StowarzyszanieKutnowskich Motocyklist\u00f3w wraz z lokaln\u0105 motocyklow\u0105 i samochodow\u0105 spo\u0142eczno\u015bci\u0105, kt\u00f3rej celemjest pomoc &hellip; <a href=\"https:\/\/kutnowscymotocyklisci.pl\/index.php\/moto-mikolaje\/\" class=\"more-link\"><span class=\"more-button\">Continue Reading<span class=\"screen-reader-text\">MOTO MIKO\u0141AJE<\/span><\/span><\/a><\/p>\n","protected":false},"author":2,"featured_media":0,"parent":0,"menu_order":0,"comment_status":"closed","ping_status":"closed","template":"","meta":{"_vp_format_video_url":"","_vp_image_focal_point":[]},"_links":{"self":[{"href":"https:\/\/kutnowscymotocyklisci.pl\/index.php\/wp-json\/wp\/v2\/pages\/1946"}],"collection":[{"href":"https:\/\/kutnowscymotocyklisci.pl\/index.php\/wp-json\/wp\/v2\/pages"}],"about":[{"href":"https:\/\/kutnowscymotocyklisci.pl\/index.php\/wp-json\/wp\/v2\/types\/page"}],"author":[{"embeddable":true,"href":"https:\/\/kutnowscymotocyklisci.pl\/index.php\/wp-json\/wp\/v2\/users\/2"}],"replies":[{"embeddable":true,"href":"https:\/\/kutnowscymotocyklisci.pl\/index.php\/wp-json\/wp\/v2\/comments?post=1946"}],"version-history":[{"count":4,"href":"https:\/\/kutnowscymotocyklisci.pl\/index.php\/wp-json\/wp\/v2\/pages\/1946\/revisions"}],"predecessor-version":[{"id":1951,"href":"https:\/\/kutnowscymotocyklisci.pl\/index.php\/wp-json\/wp\/v2\/pages\/1946\/revisions\/1951"}],"wp:attachment":[{"href":"https:\/\/kutnowscymotocyklisci.pl\/index.php\/wp-json\/wp\/v2\/media?parent=1946"}],"curies":[{"name":"wp","href":"https:\/\/api.w.org\/{rel}","templated":true}]}}